  {"id":34993,"date":"2021-01-14T20:59:37","date_gmt":"2021-01-14T19:59:37","guid":{"rendered":"https:\/\/seedtoskin.com\/?post_type=product&#038;p=34993"},"modified":"2026-04-06T17:08:33","modified_gmt":"2026-04-06T15:08:33","slug":"the-manuka-nutri-mask","status":"publish","type":"product","link":"https:\/\/seedtoskin.com\/it\/the-manuka-nutri-mask\/","title":{"rendered":"The Manuka Nutri-Mask"},"content":{"rendered":"","protected":false},"excerpt":{"rendered":"<p>The Manuka Nutri-Mask contiene pi\u00f9 del 55% di miele di manuka, il pi\u00f9 prezioso e sacro miele al mondo per le sue esclusive propriet\u00e0 curative. The Manuka Nutri-Mask \u00e8 un intenso trattamento anti et\u00e0, ideale per la pelle secca e disidratata, appositamente formulato per nutrire, idratare in profondit\u00e0 e favorire l\u2019equilibrio cutaneo. La combinazione di ingredienti nutrienti e idratanti e di complessi minerali e vitaminici antiossidanti rendono questa maschera la soluzione definitiva anche per la pelle a tendenza acneica, uniformando le irregolarit\u00e0 di pigmentazione ed esaltando la luminosit\u00e0 dell\u2019incarnato per un tono uniforme, morbido, liscio e compatto.<\/p>\n","protected":false},"featured_media":91948,"comment_status":"open","ping_status":"closed","template":"","meta":{"_acf_changed":false},"product_brand":[],"product_cat":[136,227,232,132],"product_tag":[],"class_list":{"0":"post-34993","1":"product","2":"type-product","3":"status-publish","4":"has-post-thumbnail","6":"product_cat-maschere-viso","7":"product_cat-indispensabili-primavera","8":"product_cat-prodottidipunta","9":"product_cat-skincare","11":"first","12":"instock","13":"taxable","14":"shipping-taxable","15":"purchasable","16":"product-type-simple"},"bundled_by":["39707","54913","64197","96888","100285"],"bundle_stock_status":"instock","bundle_stock_quantity":null,"bundle_virtual":false,"bundle_layout":"","bundle_add_to_cart_form_location":"","bundle_editable_in_cart":false,"bundle_sold_individually_context":"","bundle_item_grouping":"","bundle_min_size":"","bundle_max_size":"","bundle_price":[],"bundled_items":[],"bundle_sell_ids":[],"acf":[],"_links":{"self":[{"href":"https:\/\/seedtoskin.com\/it\/wp-json\/wp\/v2\/product\/34993","targetHints":{"allow":["GET"]}}],"collection":[{"href":"https:\/\/seedtoskin.com\/it\/wp-json\/wp\/v2\/product"}],"about":[{"href":"https:\/\/seedtoskin.com\/it\/wp-json\/wp\/v2\/types\/product"}],"replies":[{"embeddable":true,"href":"https:\/\/seedtoskin.com\/it\/wp-json\/wp\/v2\/comments?post=34993"}],"wp:featuredmedia":[{"embeddable":true,"href":"https:\/\/seedtoskin.com\/it\/wp-json\/wp\/v2\/media\/91948"}],"wp:attachment":[{"href":"https:\/\/seedtoskin.com\/it\/wp-json\/wp\/v2\/media?parent=34993"}],"wp:term":[{"taxonomy":"product_brand","embeddable":true,"href":"https:\/\/seedtoskin.com\/it\/wp-json\/wp\/v2\/product_brand?post=34993"},{"taxonomy":"product_cat","embeddable":true,"href":"https:\/\/seedtoskin.com\/it\/wp-json\/wp\/v2\/product_cat?post=34993"},{"taxonomy":"product_tag","embeddable":true,"href":"https:\/\/seedtoskin.com\/it\/wp-json\/wp\/v2\/product_tag?post=34993"}],"curies":[{"name":"wp","href":"https:\/\/api.w.org\/{rel}","templated":true}]}}