  {"id":94681,"date":"2023-10-18T17:29:02","date_gmt":"2023-10-18T15:29:02","guid":{"rendered":"https:\/\/seedtoskin.com\/?post_type=product&#038;p=94681"},"modified":"2024-11-06T14:49:02","modified_gmt":"2024-11-06T13:49:02","slug":"the-light-source-the-night-force-duo","status":"publish","type":"product","link":"https:\/\/seedtoskin.com\/it\/the-light-source-the-night-force-duo\/","title":{"rendered":"The Light Source &#038; The Night Force Duo"},"content":{"rendered":"","protected":false},"excerpt":{"rendered":"<p><strong>The Light Source:<\/strong> The Light Source migliora istantaneamente l&#8217;aspetto della pelle secca e matura, aiutando a ricostruire la barriera cutanea intrappolando l&#8217;umidit\u00e0 per rigonfiare e migliorare l&#8217;aspetto di rughe sottili. Questa formula straordinaria ripristina immediatamente e visibilmente l&#8217;elasticit\u00e0 e la tonicit\u00e0 della pelle. Ripristina la barriera lipidica e nutre la pelle secca e matura per un aspetto profondamente idratato e pi\u00f9 tonico. Il risultato \u00e8 una pelle dall&#8217;aspetto pi\u00f9 sano e radiante.<\/p>\n<p><strong>The Night Force:<\/strong> The Night Force \u00e8 un\u2019avanzata maschera in crema che riduce significativamente gli effetti dell\u2019et\u00e0 e utilizza una potente miscela di peptidi, ceramidi, olio di Marula, infuso di erbe e olio di ginseng rosso fermentato, per attenuare in modo rapido linee d\u2019espressione e rughe, ridensificare la pelle invecchiata e illuminare l\u2019incarnato. Arricchito con ingredienti che rinforzano i vasi sanguigni e potenziano la microcircolazione cutanea, The Night Force agisce in sinergia con il naturale ciclo di riparazione del corpo per promuovere una sana funzione cellulare. Con una vera e propria iniezione di ossigeno per dare energia alle cellule della pelle, The Night Force lascia la pelle rivitalizzata, rinfrescata e ringiovanita: l\u2019aggiunta perfetta al tuo rituale di cura della pelle matura.<\/p>\n","protected":false},"featured_media":94878,"comment_status":"closed","ping_status":"closed","template":"","meta":{"_acf_changed":false},"product_brand":[],"product_cat":[139,227,132],"product_tag":[],"class_list":{"0":"post-94681","1":"product","2":"type-product","3":"status-publish","4":"has-post-thumbnail","6":"product_cat-idratazione","7":"product_cat-indispensabili-primavera","8":"product_cat-skincare","10":"first","11":"instock","12":"taxable","13":"shipping-taxable","14":"purchasable","15":"product-type-simple"},"bundled_by":[],"bundle_stock_status":"instock","bundle_stock_quantity":null,"bundle_virtual":false,"bundle_layout":"","bundle_add_to_cart_form_location":"","bundle_editable_in_cart":false,"bundle_sold_individually_context":"","bundle_item_grouping":"","bundle_min_size":"","bundle_max_size":"","bundle_price":[],"bundled_items":[],"bundle_sell_ids":[],"acf":[],"_links":{"self":[{"href":"https:\/\/seedtoskin.com\/it\/wp-json\/wp\/v2\/product\/94681","targetHints":{"allow":["GET"]}}],"collection":[{"href":"https:\/\/seedtoskin.com\/it\/wp-json\/wp\/v2\/product"}],"about":[{"href":"https:\/\/seedtoskin.com\/it\/wp-json\/wp\/v2\/types\/product"}],"replies":[{"embeddable":true,"href":"https:\/\/seedtoskin.com\/it\/wp-json\/wp\/v2\/comments?post=94681"}],"wp:featuredmedia":[{"embeddable":true,"href":"https:\/\/seedtoskin.com\/it\/wp-json\/wp\/v2\/media\/94878"}],"wp:attachment":[{"href":"https:\/\/seedtoskin.com\/it\/wp-json\/wp\/v2\/media?parent=94681"}],"wp:term":[{"taxonomy":"product_brand","embeddable":true,"href":"https:\/\/seedtoskin.com\/it\/wp-json\/wp\/v2\/product_brand?post=94681"},{"taxonomy":"product_cat","embeddable":true,"href":"https:\/\/seedtoskin.com\/it\/wp-json\/wp\/v2\/product_cat?post=94681"},{"taxonomy":"product_tag","embeddable":true,"href":"https:\/\/seedtoskin.com\/it\/wp-json\/wp\/v2\/product_tag?post=94681"}],"curies":[{"name":"wp","href":"https:\/\/api.w.org\/{rel}","templated":true}]}}